{"id":118,"date":"2015-03-25T13:06:40","date_gmt":"2015-03-25T12:06:40","guid":{"rendered":"http:\/\/www.protolab.no\/no\/?page_id=118"},"modified":"2015-04-22T09:35:10","modified_gmt":"2015-04-22T07:35:10","slug":"3d-skanning","status":"publish","type":"page","link":"https:\/\/www.protolab.no\/no\/3d-skanning\/","title":{"rendered":"3D skanning"},"content":{"rendered":"<p>[et_pb_section fullwidth=&raquo;on&raquo; specialty=&raquo;off&raquo;][et_pb_fullwidth_slider admin_label=&raquo;Glider med full bredde&raquo; show_arrows=&raquo;on&raquo; show_pagination=&raquo;on&raquo; auto=&raquo;off&raquo; parallax=&raquo;off&raquo; parallax_method=&raquo;off&raquo; module_id=&raquo;design_slider&raquo;][et_pb_slide button_text=&raquo;Kontakt&raquo; background_image=&raquo;http:\/\/www.protolab.no\/no\/wp-content\/uploads\/2015\/04\/3D_Skanning.jpg&raquo; background_color=&raquo;#000000&#8243; alignment=&raquo;center&raquo; background_layout=&raquo;dark&raquo; allow_player_pause=&raquo;off&raquo; \/][\/et_pb_fullwidth_slider][\/et_pb_section][et_pb_section fullwidth=&raquo;off&raquo; specialty=&raquo;off&raquo;][et_pb_row][et_pb_column type=&raquo;4_4&#8243;][et_pb_text admin_label=&raquo;Protolab 3D Scanning&raquo; background_layout=&raquo;light&raquo; text_orientation=&raquo;left&raquo;]<\/p>\n<h1 style=\"text-align: center;\">Protolab 3D Skanning<\/h1>\n<p>[\/et_pb_text][\/et_pb_column][\/et_pb_row][et_pb_row][et_pb_column type=&raquo;1_2&#8243;][et_pb_text admin_label=&raquo;Tekst&raquo; background_layout=&raquo;light&raquo; text_orientation=&raquo;left&raquo;]<\/p>\n<p>3D Skanning er en metode for \u00e5 fange en geometrisk form av et objekt og overf\u00f8re denne til digitalt format.<\/p>\n<p>Det er fullt mulig \u00e5 m\u00e5le et objekt ved \u00e5 bruke skyvel\u00e6re eller m\u00e5leb\u00e5nd og ut fra dette lage en tegning som deretter kan brukes for \u00e5 konstruere en CAD modell i et egnet dataprogram. For mer komplekse modeller vil dette ta lang tid, og n\u00f8yaktigheten kan variere.<\/p>\n<p>Ved bruk av 3D Skanning-utstyr kan man fange alle omr\u00e5der av objektet i en punktsky, som deretter overf\u00f8re denne til en 3D CAD modell.<\/p>\n<p><strong>Dette \u00e5pner for flere aktuelle bruksomr\u00e5der:<\/strong><\/p>\n<p>Reverse Engineering: Ved \u00e5 digitalt fange den faktiske geometrien i et objekt kan man bruke denne til \u00e5 gjenskape produktet i en industriell sammenheng. Det kan v\u00e6re et h\u00e5ndlaget produkt som skal mangfoldiggj\u00f8res eller man har\u00a0behov for \u00e5 gjenskape kaviteten i en gammel st\u00f8peform for \u00e5 kunne<\/p>\n<p>[\/et_pb_text][\/et_pb_column][et_pb_column type=&raquo;1_2&#8243;][et_pb_text admin_label=&raquo;Tekst&raquo; background_layout=&raquo;light&raquo; text_orientation=&raquo;left&raquo;]<\/p>\n<p>reprodusere denne i moderne maskiner. I sammenheng med industridesign kan dette v\u00e6re et veldig nyttig hjelpemiddel for \u00e5 gjenskape geometrien fra et h\u00e5ndformet objekt.<\/p>\n<p>Kvalitetskontroll: Industriell oppm\u00e5ling og dimensjonskontroll er et tidkrevende arbeid. Ved bruk av 3D-skanning kan man automatisere dimensjonskontroll og kj\u00f8re fortl\u00f8pende analyser mot en master 3D CAD modell.<\/p>\n<p>Analyse av deformasjon og stress: Ved bruk av tilpasset 3D Skanning systemer kan man overv\u00e5ke deformasjoner p\u00e5 et object ved stress og i virkelige praktiske situasjoner.<\/p>\n<p>Vi kan gjennomf\u00f8re 3D Skanning ved bruk av automatisert skan-lab eller ute i felt, for eksempel l\u00f8pende oppm\u00e5ling av slitasje p\u00e5 maskindeler som slitasje p\u00e5 skovler i vannkraftturbiner.<\/p>\n<p>[\/et_pb_text][\/et_pb_column][\/et_pb_row][\/et_pb_section][et_pb_section fullwidth=&raquo;off&raquo; specialty=&raquo;off&raquo; transparent_background=&raquo;off&raquo; background_color=&raquo;#d6d6d6&#8243; allow_player_pause=&raquo;off&raquo; inner_shadow=&raquo;off&raquo; parallax=&raquo;off&raquo; parallax_method=&raquo;off&raquo;][et_pb_row][et_pb_column type=&raquo;1_2&#8243;][et_pb_image admin_label=&raquo;Bilde&raquo; src=&raquo;http:\/\/www.protolab.no\/no\/wp-content\/uploads\/2015\/03\/atos_3d_scanning.jpg&raquo; show_in_lightbox=&raquo;off&raquo; url_new_window=&raquo;off&raquo; animation=&raquo;left&raquo; sticky=&raquo;off&raquo; \/][\/et_pb_column][et_pb_column type=&raquo;1_2&#8243;][et_pb_image admin_label=&raquo;Bilde&raquo; src=&raquo;http:\/\/www.protolab.no\/no\/wp-content\/uploads\/2015\/03\/atos_3d_scanning_sml.jpg&raquo; show_in_lightbox=&raquo;off&raquo; url_new_window=&raquo;off&raquo; animation=&raquo;left&raquo; sticky=&raquo;off&raquo; \/][\/et_pb_column][\/et_pb_row][\/et_pb_section]<\/p>\n","protected":false},"excerpt":{"rendered":"<p><div class=\"et_pb_row et_pb_row_0 et_pb_row_empty\">\n\t\t\t\t\n\t\t\t\t\n\t\t\t\t\n\t\t\t\t\n\t\t\t\t\n\t\t\t<\/div> Protolab 3D Skanning <div class=\"et_pb_row et_pb_row_1 et_pb_row_empty\">\n\t\t\t\t\n\t\t\t\t\n\t\t\t\t\n\t\t\t\t\n\t\t\t\t\n\t\t\t<\/div> 3D Skanning er en metode for \u00e5 fange en geometrisk form av et objekt og overf\u00f8re denne til digitalt format. Det er fullt mulig \u00e5 m\u00e5le et objekt ved \u00e5 bruke skyvel\u00e6re eller m\u00e5leb\u00e5nd og ut fra dette lage en tegning som deretter kan brukes for \u00e5 konstruere en CAD [&hellip;]<\/p>\n","protected":false},"author":1,"featured_media":0,"parent":0,"menu_order":0,"comment_status":"open","ping_status":"open","template":"","meta":{"_et_pb_use_builder":"on","_et_pb_old_content":"","_et_gb_content_width":"","footnotes":""},"class_list":["post-118","page","type-page","status-publish","hentry"],"_links":{"self":[{"href":"https:\/\/www.protolab.no\/no\/wp-json\/wp\/v2\/pages\/118","targetHints":{"allow":["GET"]}}],"collection":[{"href":"https:\/\/www.protolab.no\/no\/wp-json\/wp\/v2\/pages"}],"about":[{"href":"https:\/\/www.protolab.no\/no\/wp-json\/wp\/v2\/types\/page"}],"author":[{"embeddable":true,"href":"https:\/\/www.protolab.no\/no\/wp-json\/wp\/v2\/users\/1"}],"replies":[{"embeddable":true,"href":"https:\/\/www.protolab.no\/no\/wp-json\/wp\/v2\/comments?post=118"}],"version-history":[{"count":11,"href":"https:\/\/www.protolab.no\/no\/wp-json\/wp\/v2\/pages\/118\/revisions"}],"predecessor-version":[{"id":415,"href":"https:\/\/www.protolab.no\/no\/wp-json\/wp\/v2\/pages\/118\/revisions\/415"}],"wp:attachment":[{"href":"https:\/\/www.protolab.no\/no\/wp-json\/wp\/v2\/media?parent=118"}],"curies":[{"name":"wp","href":"https:\/\/api.w.org\/{rel}","templated":true}]}}