{"id":133,"date":"2015-03-25T13:40:00","date_gmt":"2015-03-25T12:40:00","guid":{"rendered":"http:\/\/www.protolab.no\/no\/?page_id=133"},"modified":"2015-04-22T09:37:18","modified_gmt":"2015-04-22T07:37:18","slug":"prototyping","status":"publish","type":"page","link":"https:\/\/www.protolab.no\/no\/prototyping\/","title":{"rendered":"Prototyping"},"content":{"rendered":"<p>[et_pb_section fullwidth=&raquo;on&raquo; specialty=&raquo;off&raquo;][et_pb_fullwidth_slider admin_label=&raquo;Glider med full bredde&raquo; show_arrows=&raquo;off&raquo; show_pagination=&raquo;off&raquo; auto=&raquo;off&raquo; parallax=&raquo;off&raquo; parallax_method=&raquo;off&raquo; module_id=&raquo;design_slider&raquo;][et_pb_slide button_text=&raquo;Kontakt&raquo; background_image=&raquo;http:\/\/www.protolab.no\/no\/wp-content\/uploads\/2015\/04\/Prototyping.jpg&raquo; background_color=&raquo;#000000&#8243; alignment=&raquo;center&raquo; background_layout=&raquo;dark&raquo; allow_player_pause=&raquo;off&raquo; \/][\/et_pb_fullwidth_slider][\/et_pb_section][et_pb_section fullwidth=&raquo;off&raquo; specialty=&raquo;off&raquo;][et_pb_row][et_pb_column type=&raquo;4_4&#8243;][et_pb_text admin_label=&raquo;Protolab Prototyping&raquo; background_layout=&raquo;light&raquo; text_orientation=&raquo;left&raquo;]<\/p>\n<h2>Protolab prototyping<\/h2>\n<p>Produktutvikling krever ofte utvikling av\u00a0prototyper og testing av produktet f\u00f8r endeling investering i fullskala produksjonsverkt\u00f8y. I v\u00e5re verksteder og testlaboratorier implementerer vi forskning og utvikling og f\u00f8rer produktet inn til full industrialisering ved bruk av alle aktuelle prototypeteknikker og materialer.<\/p>\n<p>Protolab tilbyr de fleste prototypemetoder og har jobbet med dette i over 15 \u00e5r. Prototyping som teknisk begrep har gjennom denne perioden utviklet seg til \u00e5 omfatte mer enn bare modellbygging. Det har kommet p\u00e5 markedet mange \u00ab3D-printere\u00bb i de senere \u00e5rene. Noen av disse er billige bord-modeller som man til og med kan bygge selv. Vi har imidlertid erfart at disse har sine begrensninger n\u00e5r det kreves funksjonelle prototyper og varierte materialer. Med de krav som stilles til \u00f8konomi i utviklingsprosessen og kostnadskontroll for produksjonsinvesteringer og produktpris m\u00e5 vi kunne velge riktig metode og materiale ut fra behovet \u2013 ikke ut fra hva slags maskiner og materialer vi tilfeldigvis m\u00e5tte ha tilgjengelig. Protolab vil alltid velge de beste metoder og materialer ved valg av prototypemodell.<\/p>\n<p>For oss er 3D-printing bare en del av pakken n\u00e5r vi jobber med prototyper. Vi bruker alle tilgjengelige teknikker for \u00e5 m\u00f8te produktutviklerens behov for prototyper. Avansert prototyping inkluderer mange fagomr\u00e5der som plast, metaller og kompositter, elektronikk, alle former for mekaniske deler, overflatefinish, fargekrav og innpakking.<\/p>\n<p>[\/et_pb_text][\/et_pb_column][\/et_pb_row][\/et_pb_section][et_pb_section fullwidth=&raquo;off&raquo; specialty=&raquo;off&raquo; transparent_background=&raquo;off&raquo; background_color=&raquo;#000000&#8243; allow_player_pause=&raquo;off&raquo; inner_shadow=&raquo;off&raquo; parallax=&raquo;off&raquo; parallax_method=&raquo;off&raquo;][et_pb_row][et_pb_column type=&raquo;1_4&#8243;][et_pb_blurb admin_label=&raquo;Vakuumst\u00f8ping&raquo; title=&raquo;Vakuumst\u00f8ping&raquo; url_new_window=&raquo;off&raquo; use_icon=&raquo;on&raquo; font_icon=&raquo;N&raquo; icon_color=&raquo;#81d742&#8243; use_circle=&raquo;off&raquo; circle_color=&raquo;#af0a23&#8243; use_circle_border=&raquo;off&raquo; circle_border_color=&raquo;#af0a23&#8243; icon_placement=&raquo;left&raquo; animation=&raquo;off&raquo; background_layout=&raquo;dark&raquo; text_orientation=&raquo;left&raquo;]<\/p>\n<p>Ved \u00e5 bruke Polyuretan (PU\/PUR) herdeplaster sammen med st\u00f8peformer i silicon kan vi st\u00f8pe komplekse former I tiln\u00e6rmet end-use material og redusere tid og kostnader mot ferdig produkt. Vi gj\u00f8r ogs\u00e5 serieproduksjon i PUR-materialer n\u00e5r det er behov for mindre serier eller en mellomstor pr\u00f8veproduksjon.<\/p>\n<p>[\/et_pb_blurb][\/et_pb_column][et_pb_column type=&raquo;1_4&#8243;][et_pb_blurb admin_label=&raquo;SLA&raquo; title=&raquo;SLA (Stereo Lithography Apparatus)&raquo; url_new_window=&raquo;off&raquo; use_icon=&raquo;on&raquo; font_icon=&raquo;N&raquo; icon_color=&raquo;#81d742&#8243; use_circle=&raquo;off&raquo; circle_color=&raquo;#af0a23&#8243; use_circle_border=&raquo;off&raquo; circle_border_color=&raquo;#af0a23&#8243; icon_placement=&raquo;left&raquo; animation=&raquo;off&raquo; background_layout=&raquo;dark&raquo; text_orientation=&raquo;left&raquo;]<\/p>\n<p>Print\u201d fra en 3D DAK modell ved bruk av flytende epoxy som herdes ved bruk av en laserstr\u00e5le, lag for lag. Flere materialtyper \u00e5 velge mellom, med forskjellige egenskaper. Brukes gjerne til \u00abmaster\u00bb-modeller for vakuumst\u00f8ping og til finere modeller som skal ha god finish.<\/p>\n<p>[\/et_pb_blurb][\/et_pb_column][et_pb_column type=&raquo;1_4&#8243;][et_pb_blurb admin_label=&raquo;SLS&raquo; title=&raquo;SLS (Selective Laser Sintering)&raquo; url_new_window=&raquo;off&raquo; use_icon=&raquo;on&raquo; font_icon=&raquo;N&raquo; icon_color=&raquo;#81d742&#8243; use_circle=&raquo;off&raquo; circle_color=&raquo;#af0a23&#8243; use_circle_border=&raquo;off&raquo; circle_border_color=&raquo;#af0a23&#8243; icon_placement=&raquo;left&raquo; animation=&raquo;off&raquo; background_layout=&raquo;dark&raquo; text_orientation=&raquo;left&raquo;]<\/p>\n<p>\u201cPrint\u201d fra en 3D DAK modell ved bruk av nylon-pulver som herdes ved laserstr\u00e5le, lag for lag. Flere materialtyper \u00e5 velge mellom, med forskjellige egenskaper. Brukes gjerne til sterkere funksjonsmodeller.<\/p>\n<p>[\/et_pb_blurb][\/et_pb_column][et_pb_column type=&raquo;1_4&#8243;][et_pb_blurb admin_label=&raquo;DMLS&raquo; title=&raquo;DMLS (Direct Laser Metal Sintering)&raquo; url_new_window=&raquo;off&raquo; use_icon=&raquo;on&raquo; font_icon=&raquo;N&raquo; icon_color=&raquo;#81d742&#8243; use_circle=&raquo;off&raquo; circle_color=&raquo;#af0a23&#8243; use_circle_border=&raquo;off&raquo; circle_border_color=&raquo;#af0a23&#8243; icon_placement=&raquo;left&raquo; animation=&raquo;off&raquo; background_layout=&raquo;dark&raquo; text_orientation=&raquo;left&raquo;]<\/p>\n<p>I prinsippet samme metode som \u201cSLS\u201d, men med metallpulver I stedet for nylon (PA). For prototyping er det vanligst tilgjengelig i bronse, st\u00e5l, rustfritt st\u00e5l og titan. Brukes i tilfeller der andre metoder er uegnet og geometrien er for komplx til maskinering.<\/p>\n<p>[\/et_pb_blurb][\/et_pb_column][\/et_pb_row][et_pb_row][et_pb_column type=&raquo;1_4&#8243;][et_pb_blurb admin_label=&raquo;SLM&raquo; title=&raquo;SLM (Selective Laser Melting)&raquo; url_new_window=&raquo;off&raquo; use_icon=&raquo;on&raquo; font_icon=&raquo;N&raquo; icon_color=&raquo;#81d742&#8243; use_circle=&raquo;off&raquo; circle_color=&raquo;#af0a23&#8243; use_circle_border=&raquo;off&raquo; circle_border_color=&raquo;#af0a23&#8243; icon_placement=&raquo;left&raquo; animation=&raquo;off&raquo; background_layout=&raquo;dark&raquo; text_orientation=&raquo;left&raquo;]<\/p>\n<p>I prinsippet samme metode som SLS og DMLS, men laseren smelter sammen hele parten til en homogen komponent og ikke lag for lag.<\/p>\n<p>[\/et_pb_blurb][et_pb_blurb admin_label=&raquo;Metall sintring&raquo; title=&raquo;Metallsintring&raquo; url_new_window=&raquo;off&raquo; use_icon=&raquo;on&raquo; font_icon=&raquo;N&raquo; icon_color=&raquo;#81d742&#8243; use_circle=&raquo;off&raquo; circle_color=&raquo;#af0a23&#8243; use_circle_border=&raquo;off&raquo; circle_border_color=&raquo;#af0a23&#8243; icon_placement=&raquo;left&raquo; animation=&raquo;off&raquo; background_layout=&raquo;dark&raquo; text_orientation=&raquo;left&raquo;]<\/p>\n<p>For noen spesielle komponenter benytter vi Metall Sintring fremstilt av\u00a0pulver p\u00e5 grunn av stor kompleksitet eller \u00a0h\u00f8ye kostnader sammenliknet med tradisjonelle metoder som st\u00f8ping eller CNC maskinering. Som eksempel kan dette\u00a0v\u00e6re en kostnadseffektiv metode for \u00e5 lage tannhjul.<\/p>\n<p>[\/et_pb_blurb][\/et_pb_column][et_pb_column type=&raquo;1_4&#8243;][et_pb_blurb admin_label=&raquo;AM&raquo; title=&raquo;Additive Manufacturing (AM)&raquo; url_new_window=&raquo;off&raquo; use_icon=&raquo;on&raquo; font_icon=&raquo;N&raquo; icon_color=&raquo;#81d742&#8243; use_circle=&raquo;off&raquo; circle_color=&raquo;#af0a23&#8243; use_circle_border=&raquo;off&raquo; circle_border_color=&raquo;#af0a23&#8243; icon_placement=&raquo;left&raquo; animation=&raquo;off&raquo; background_layout=&raquo;dark&raquo; text_orientation=&raquo;left&raquo;]<\/p>\n<p>AM er en fabrikasjonsmetode som ofte forveksles med 3D-printing til bruk i prototype-sammenheng. Selv om mange leverand\u00f8rer til Rapid Prototyping stadig gj\u00f8r forbedringer av maskiner, metoder og materialer til 3D printing, er Additive Manufacturing \u00e5 betrakte som produksjonsutstyr p\u00e5 linje med maskineringssentre, press-verkt\u00f8y og st\u00f8perier til industriell bruk. For prototype-tilvirkning gjelder fortsatt de kjente metodene.<\/p>\n<p>[\/et_pb_blurb][\/et_pb_column][et_pb_column type=&raquo;1_4&#8243;][et_pb_blurb admin_label=&raquo;CNC&raquo; title=&raquo;CNC (Maskinering)&raquo; url_new_window=&raquo;off&raquo; use_icon=&raquo;on&raquo; font_icon=&raquo;N&raquo; icon_color=&raquo;#81d742&#8243; use_circle=&raquo;off&raquo; circle_color=&raquo;#af0a23&#8243; use_circle_border=&raquo;off&raquo; circle_border_color=&raquo;#af0a23&#8243; icon_placement=&raquo;left&raquo; animation=&raquo;off&raquo; background_layout=&raquo;dark&raquo; text_orientation=&raquo;left&raquo;]<\/p>\n<p>CNC for prototype-tilvirkning er tilpasset med kutte- og freseutstyr for presis og hurtig fresing I de fleste materialer. Dette gj\u00f8r det mulig \u00e5 fremstille prototyper med veldig h\u00f8y presisjon og i materialer spesifisert for sluttproduktet..<\/p>\n<p>[\/et_pb_blurb][\/et_pb_column][et_pb_column type=&raquo;1_4&#8243;][et_pb_blurb admin_label=&raquo;Sammensatte Prototyper&raquo; title=&raquo;Sammensatte Prototyper&raquo; url_new_window=&raquo;off&raquo; use_icon=&raquo;on&raquo; font_icon=&raquo;N&raquo; icon_color=&raquo;#81d742&#8243; use_circle=&raquo;off&raquo; circle_color=&raquo;#af0a23&#8243; use_circle_border=&raquo;off&raquo; circle_border_color=&raquo;#af0a23&#8243; icon_placement=&raquo;left&raquo; animation=&raquo;off&raquo; background_layout=&raquo;dark&raquo; text_orientation=&raquo;left&raquo;]<\/p>\n<p>Protolab har lokaler, utstyr og personell som kan sammenstille komplekse prototyper, mekanisk og elektronikk. Vi har lang erfaring med \u00e5 sette sammen funksjonelle prototyper med alle aktuelle komponenter og materialer.<\/p>\n<p>[\/et_pb_blurb][\/et_pb_column][\/et_pb_row][\/et_pb_section]<\/p>\n","protected":false},"excerpt":{"rendered":"<p><div class=\"et_pb_row et_pb_row_0 et_pb_row_empty\">\n\t\t\t\t\n\t\t\t\t\n\t\t\t\t\n\t\t\t\t\n\t\t\t\t\n\t\t\t<\/div> Protolab prototyping Produktutvikling krever ofte utvikling av\u00a0prototyper og testing av produktet f\u00f8r endeling investering i fullskala produksjonsverkt\u00f8y. I v\u00e5re verksteder og testlaboratorier implementerer vi forskning og utvikling og f\u00f8rer produktet inn til full industrialisering ved bruk av alle aktuelle prototypeteknikker og materialer. Protolab tilbyr de fleste prototypemetoder og har jobbet med dette i over [&hellip;]<\/p>\n","protected":false},"author":1,"featured_media":0,"parent":0,"menu_order":0,"comment_status":"open","ping_status":"open","template":"","meta":{"_et_pb_use_builder":"on","_et_pb_old_content":"","_et_gb_content_width":"","footnotes":""},"class_list":["post-133","page","type-page","status-publish","hentry"],"_links":{"self":[{"href":"https:\/\/www.protolab.no\/no\/wp-json\/wp\/v2\/pages\/133","targetHints":{"allow":["GET"]}}],"collection":[{"href":"https:\/\/www.protolab.no\/no\/wp-json\/wp\/v2\/pages"}],"about":[{"href":"https:\/\/www.protolab.no\/no\/wp-json\/wp\/v2\/types\/page"}],"author":[{"embeddable":true,"href":"https:\/\/www.protolab.no\/no\/wp-json\/wp\/v2\/users\/1"}],"replies":[{"embeddable":true,"href":"https:\/\/www.protolab.no\/no\/wp-json\/wp\/v2\/comments?post=133"}],"version-history":[{"count":5,"href":"https:\/\/www.protolab.no\/no\/wp-json\/wp\/v2\/pages\/133\/revisions"}],"predecessor-version":[{"id":418,"href":"https:\/\/www.protolab.no\/no\/wp-json\/wp\/v2\/pages\/133\/revisions\/418"}],"wp:attachment":[{"href":"https:\/\/www.protolab.no\/no\/wp-json\/wp\/v2\/media?parent=133"}],"curies":[{"name":"wp","href":"https:\/\/api.w.org\/{rel}","templated":true}]}}