{"id":135,"date":"2015-03-25T13:53:11","date_gmt":"2015-03-25T12:53:11","guid":{"rendered":"http:\/\/www.protolab.no\/no\/?page_id=135"},"modified":"2015-04-22T09:35:53","modified_gmt":"2015-04-22T07:35:53","slug":"design-2","status":"publish","type":"page","link":"https:\/\/www.protolab.no\/no\/design-2\/","title":{"rendered":"Design"},"content":{"rendered":"<p>[et_pb_section fullwidth=&raquo;on&raquo; specialty=&raquo;off&raquo;][et_pb_fullwidth_slider admin_label=&raquo;Glider med full bredde&raquo; show_arrows=&raquo;off&raquo; show_pagination=&raquo;off&raquo; auto=&raquo;off&raquo; parallax=&raquo;off&raquo; parallax_method=&raquo;off&raquo; module_id=&raquo;design_slider&raquo;][et_pb_slide button_text=&raquo;Kontakt&raquo; background_image=&raquo;http:\/\/www.protolab.no\/no\/wp-content\/uploads\/2015\/04\/Design.jpg&raquo; background_color=&raquo;#000000&#8243; alignment=&raquo;center&raquo; background_layout=&raquo;dark&raquo; allow_player_pause=&raquo;off&raquo; \/][\/et_pb_fullwidth_slider][\/et_pb_section][et_pb_section fullwidth=&raquo;off&raquo; specialty=&raquo;off&raquo;][et_pb_row][et_pb_column type=&raquo;4_4&#8243;][et_pb_text admin_label=&raquo;Protolab design&raquo; background_layout=&raquo;light&raquo; text_orientation=&raquo;left&raquo;]<\/p>\n<h2>Protolab design<\/h2>\n<p>Mange tenker ofte kun p\u00e5 form og farge n\u00e5r uttrykket design nevnes. Produktdesign betyr for oss b\u00e5de form og funksjon, men inneb\u00e6rer ogs\u00e5 full detaljkonstruksjon. Design er for oss ogs\u00e5 industriell tilpasning, med produksjonslinjer s\u00e5 vel som logistikk.<\/p>\n<p>Protolab har gjennom mange \u00e5r gjennomf\u00f8rt og deltatt i mange utviklingsprosjekter, fra ideer og skisser til full industriell utvikling med produksjonsverkt\u00f8y, serieproduksjon, sammenstillingslinjer, emballasje\u00a0og distribusjon. Dette inkluderer alt en designer trenger for \u00e5 gj\u00f8re et produkt komplett.<\/p>\n<p>Designprosessen inneb\u00e6rer en konseptfase med funksjonsanalyse, ergonomi, form, materialer, overflatestruktur og farger. Skisser gj\u00f8res b\u00e5de for h\u00e5nd og ved bruk av 3D konstruksjonsprogrammer. Utviklingsarbeidet g\u00e5r ofte i flere runder med prototyper og modeller og endringer f\u00f8r produktet er klart for detaljkonstruksjon, testserier, verkt\u00f8yutvikling og serieproduksjon.<\/p>\n<p>[\/et_pb_text][\/et_pb_column][\/et_pb_row][\/et_pb_section][et_pb_section fullwidth=&raquo;off&raquo; specialty=&raquo;off&raquo;][et_pb_row][et_pb_column type=&raquo;1_2&#8243;][et_pb_image admin_label=&raquo;Bilde &#8211; Stirio&raquo; src=&raquo;http:\/\/www.protolab.no\/no\/wp-content\/uploads\/2015\/03\/Stirio_RedDot.jpg&raquo; show_in_lightbox=&raquo;on&raquo; url_new_window=&raquo;off&raquo; animation=&raquo;off&raquo; sticky=&raquo;off&raquo; title_text=&raquo;Stirio &#8211; Kitchen Innovation&raquo; alt=&raquo;Stirio &#8211; Kitchen Innovation&raquo; \/][\/et_pb_column][et_pb_column type=&raquo;1_2&#8243;][et_pb_image admin_label=&raquo;Bilde &#8211; Cleaner&raquo; src=&raquo;http:\/\/www.protolab.no\/no\/wp-content\/uploads\/2015\/03\/Automatic_Camera_Cleaner1.jpg&raquo; show_in_lightbox=&raquo;on&raquo; url_new_window=&raquo;off&raquo; animation=&raquo;off&raquo; sticky=&raquo;off&raquo; title_text=&raquo;Automatic Cleaner for Traffic tolling &amp; surveillance cameras&raquo; alt=&raquo;Automatic Cleaner for Traffic tolling &amp; surveillance cameras&raquo; \/][\/et_pb_column][\/et_pb_row][\/et_pb_section]<\/p>\n","protected":false},"excerpt":{"rendered":"<p><div class=\"et_pb_row et_pb_row_0 et_pb_row_empty\">\n\t\t\t\t\n\t\t\t\t\n\t\t\t\t\n\t\t\t\t\n\t\t\t\t\n\t\t\t<\/div> Protolab design Mange tenker ofte kun p\u00e5 form og farge n\u00e5r uttrykket design nevnes. Produktdesign betyr for oss b\u00e5de form og funksjon, men inneb\u00e6rer ogs\u00e5 full detaljkonstruksjon. Design er for oss ogs\u00e5 industriell tilpasning, med produksjonslinjer s\u00e5 vel som logistikk. Protolab har gjennom mange \u00e5r gjennomf\u00f8rt og deltatt i mange utviklingsprosjekter, fra ideer og [&hellip;]<\/p>\n","protected":false},"author":1,"featured_media":0,"parent":0,"menu_order":0,"comment_status":"open","ping_status":"open","template":"","meta":{"_et_pb_use_builder":"on","_et_pb_old_content":"","_et_gb_content_width":"","footnotes":""},"class_list":["post-135","page","type-page","status-publish","hentry"],"_links":{"self":[{"href":"https:\/\/www.protolab.no\/no\/wp-json\/wp\/v2\/pages\/135","targetHints":{"allow":["GET"]}}],"collection":[{"href":"https:\/\/www.protolab.no\/no\/wp-json\/wp\/v2\/pages"}],"about":[{"href":"https:\/\/www.protolab.no\/no\/wp-json\/wp\/v2\/types\/page"}],"author":[{"embeddable":true,"href":"https:\/\/www.protolab.no\/no\/wp-json\/wp\/v2\/users\/1"}],"replies":[{"embeddable":true,"href":"https:\/\/www.protolab.no\/no\/wp-json\/wp\/v2\/comments?post=135"}],"version-history":[{"count":8,"href":"https:\/\/www.protolab.no\/no\/wp-json\/wp\/v2\/pages\/135\/revisions"}],"predecessor-version":[{"id":416,"href":"https:\/\/www.protolab.no\/no\/wp-json\/wp\/v2\/pages\/135\/revisions\/416"}],"wp:attachment":[{"href":"https:\/\/www.protolab.no\/no\/wp-json\/wp\/v2\/media?parent=135"}],"curies":[{"name":"wp","href":"https:\/\/api.w.org\/{rel}","templated":true}]}}