{"id":60,"date":"2015-03-12T14:08:38","date_gmt":"2015-03-12T13:08:38","guid":{"rendered":"http:\/\/www.protolab.no\/no\/?page_id=60"},"modified":"2018-09-05T19:20:39","modified_gmt":"2018-09-05T17:20:39","slug":"hjem","status":"publish","type":"page","link":"https:\/\/www.protolab.no\/no\/","title":{"rendered":"Hjem"},"content":{"rendered":"<p>[et_pb_section admin_label=&raquo;Seksjon&raquo; fullwidth=&raquo;on&raquo; specialty=&raquo;off&raquo;][et_pb_fullwidth_image admin_label=&raquo;Spesialist i produktutvikling og industrialisering&raquo; src=&raquo;http:\/\/www.protolab.no\/no\/wp-content\/uploads\/2017\/04\/glider_2b_no.jpg&raquo; show_in_lightbox=&raquo;off&raquo; url_new_window=&raquo;off&raquo; animation=&raquo;off&raquo; module_class=&raquo;padding-top:100px; padding-bottom:100px;&raquo; use_border_color=&raquo;off&raquo; border_color=&raquo;#ffffff&raquo; border_style=&raquo;solid&raquo;] [\/et_pb_fullwidth_image][\/et_pb_section][et_pb_section admin_label=&raquo;section&raquo; fullwidth=&raquo;on&raquo; specialty=&raquo;off&raquo;][et_pb_fullwidth_slider admin_label=&raquo;Glider med full bredde&raquo; show_arrows=&raquo;off&raquo; show_pagination=&raquo;off&raquo; auto=&raquo;off&raquo; parallax=&raquo;off&raquo; parallax_method=&raquo;off&raquo; module_id=&raquo;design_slider&raquo;] [et_pb_slide background_color=&raquo;#d6d6d6&#8243; alignment=&raquo;bottom&raquo; background_layout=&raquo;dark&raquo; allow_player_pause=&raquo;off&raquo; button_text=&raquo;Se prosjekt&raquo; background_image=&raquo;http:\/\/www.protolab.no\/no\/wp-content\/uploads\/2015\/03\/SMB_slider_q.jpg&raquo; \/] [\/et_pb_fullwidth_slider][\/et_pb_section][et_pb_section admin_label=&raquo;section&raquo; fullwidth=&raquo;off&raquo; specialty=&raquo;off&raquo; transparent_background=&raquo;off&raquo; background_color=&raquo;#d6d6d6&#8243; allow_player_pause=&raquo;off&raquo; inner_shadow=&raquo;off&raquo; parallax=&raquo;off&raquo; parallax_method=&raquo;off&raquo;][et_pb_row admin_label=&raquo;row&raquo;][et_pb_column type=&raquo;1_4&#8243;][et_pb_blurb admin_label=&raquo;R\u00e5dgiving&raquo; title=&raquo;R\u00e5dgiving&raquo; url_new_window=&raquo;off&raquo; use_icon=&raquo;on&raquo; font_icon=&raquo;\ue08b&raquo; icon_color=&raquo;#ffffff&raquo; use_circle=&raquo;on&raquo; circle_color=&raquo;#af0a23&#8243; use_circle_border=&raquo;off&raquo; circle_border_color=&raquo;#af0a23&#8243; icon_placement=&raquo;top&raquo; animation=&raquo;off&raquo; background_layout=&raquo;light&raquo; text_orientation=&raquo;center&raquo; url=&raquo;http:\/\/www.protolab.no\/no\/?page_id=89&#8243;]<\/p>\n<p><em>V\u00e5r erfaring, gjennom ulike og omfattende prosjekter, sikrer god risiko-, kostnads- og kvaltietskontroll gjennom hele utviklingsprosessen.<\/em><\/p>\n<p>[\/et_pb_blurb][\/et_pb_column][et_pb_column type=&raquo;1_4&#8243;][et_pb_blurb admin_label=&raquo;Design&raquo; title=&raquo;Design&raquo; url_new_window=&raquo;off&raquo; use_icon=&raquo;on&raquo; font_icon=&raquo;\ue0e2&raquo; icon_color=&raquo;#ffffff&raquo; use_circle=&raquo;on&raquo; circle_color=&raquo;#af0a23&#8243; use_circle_border=&raquo;off&raquo; circle_border_color=&raquo;#af0a23&#8243; icon_placement=&raquo;top&raquo; animation=&raquo;off&raquo; background_layout=&raquo;light&raquo; text_orientation=&raquo;center&raquo; url=&raquo;http:\/\/www.protolab.no\/no\/?page_id=135&#8243;]<\/p>\n<p><em>Detaljprosjektering, funksjonalitet, ergonomi, materialvalg, montering, produksjonslinje, pakking og logistikk er n\u00f8kkelord i v\u00e5r designfilosofi.<\/em><\/p>\n<p>[\/et_pb_blurb][\/et_pb_column][et_pb_column type=&raquo;1_4&#8243;][et_pb_blurb admin_label=&raquo;Prototyping&raquo; title=&raquo;Prototyping&raquo; url_new_window=&raquo;off&raquo; use_icon=&raquo;on&raquo; font_icon=&raquo;\ue01c&raquo; icon_color=&raquo;#ffffff&raquo; use_circle=&raquo;on&raquo; circle_color=&raquo;#af0a23&#8243; use_circle_border=&raquo;off&raquo; circle_border_color=&raquo;#af0a23&#8243; icon_placement=&raquo;top&raquo; animation=&raquo;off&raquo; background_layout=&raquo;light&raquo; text_orientation=&raquo;center&raquo; url=&raquo;http:\/\/www.protolab.no\/no\/?page_id=133&#8243; use_icon_font_size=&raquo;off&raquo; use_border_color=&raquo;off&raquo; border_color=&raquo;#ffffff&raquo; border_style=&raquo;solid&raquo;]<\/p>\n<p><em>Gjennom valg av ulike produksjonsteknikker, materialvalg og montering sikrer v\u00e5r ekpertise innen prototyping en unik &laquo;Real life&raquo; testing av produktet<\/em><\/p>\n<p>[\/et_pb_blurb][\/et_pb_column][et_pb_column type=&raquo;1_4&#8243;][et_pb_blurb admin_label=&raquo;Produksjon&raquo; title=&raquo;Produksjon&raquo; url_new_window=&raquo;off&raquo; use_icon=&raquo;on&raquo; font_icon=&raquo;\ue035&raquo; icon_color=&raquo;#ffffff&raquo; use_circle=&raquo;on&raquo; circle_color=&raquo;#af0a23&#8243; use_circle_border=&raquo;off&raquo; circle_border_color=&raquo;#af0a23&#8243; icon_placement=&raquo;top&raquo; animation=&raquo;off&raquo; background_layout=&raquo;light&raquo; text_orientation=&raquo;center&raquo; url=&raquo;http:\/\/www.protolab.no\/no\/?page_id=112&#8243;]<\/p>\n<p><em>Vi tilbyr verkt\u00f8y &amp; produksjon for h\u00f8y kvalitet, store produksjonskvantum og stort utvalg av materialer og kompleksitet gjennom v\u00e5rt internasjonale nettverk.<\/em><\/p>\n<p>[\/et_pb_blurb][\/et_pb_column][\/et_pb_row][\/et_pb_section]<\/p>\n","protected":false},"excerpt":{"rendered":"<p>V\u00e5r erfaring, gjennom ulike og omfattende prosjekter, sikrer god risiko-, kostnads- og kvaltietskontroll gjennom hele utviklingsprosessen. Detaljprosjektering, funksjonalitet, ergonomi, materialvalg, montering, produksjonslinje, pakking og logistikk er n\u00f8kkelord i v\u00e5r designfilosofi. Gjennom valg av ulike produksjonsteknikker, materialvalg og montering sikrer v\u00e5r ekpertise innen prototyping en unik &laquo;Real life&raquo; testing av produktet Vi tilbyr verkt\u00f8y &amp; produksjon [&hellip;]<\/p>\n","protected":false},"author":1,"featured_media":0,"parent":0,"menu_order":0,"comment_status":"open","ping_status":"open","template":"","meta":{"_et_pb_use_builder":"on","_et_pb_old_content":"","_et_gb_content_width":"","footnotes":""},"class_list":["post-60","page","type-page","status-publish","hentry"],"_links":{"self":[{"href":"https:\/\/www.protolab.no\/no\/wp-json\/wp\/v2\/pages\/60","targetHints":{"allow":["GET"]}}],"collection":[{"href":"https:\/\/www.protolab.no\/no\/wp-json\/wp\/v2\/pages"}],"about":[{"href":"https:\/\/www.protolab.no\/no\/wp-json\/wp\/v2\/types\/page"}],"author":[{"embeddable":true,"href":"https:\/\/www.protolab.no\/no\/wp-json\/wp\/v2\/users\/1"}],"replies":[{"embeddable":true,"href":"https:\/\/www.protolab.no\/no\/wp-json\/wp\/v2\/comments?post=60"}],"version-history":[{"count":59,"href":"https:\/\/www.protolab.no\/no\/wp-json\/wp\/v2\/pages\/60\/revisions"}],"predecessor-version":[{"id":492,"href":"https:\/\/www.protolab.no\/no\/wp-json\/wp\/v2\/pages\/60\/revisions\/492"}],"wp:attachment":[{"href":"https:\/\/www.protolab.no\/no\/wp-json\/wp\/v2\/media?parent=60"}],"curies":[{"name":"wp","href":"https:\/\/api.w.org\/{rel}","templated":true}]}}