{"id":81,"date":"2015-03-13T09:24:25","date_gmt":"2015-03-13T08:24:25","guid":{"rendered":"http:\/\/www.protolab.no\/no\/?page_id=81"},"modified":"2024-12-16T13:03:10","modified_gmt":"2024-12-16T12:03:10","slug":"om-protolab","status":"publish","type":"page","link":"https:\/\/www.protolab.no\/no\/om-protolab\/","title":{"rendered":"Om Protolab"},"content":{"rendered":"<p>[et_pb_section fb_built=&raquo;1&#8243; fullwidth=&raquo;on&raquo; _builder_version=&raquo;4.16&#8243; global_colors_info=&raquo;{}&raquo;][et_pb_fullwidth_slider show_arrows=&raquo;off&raquo; show_pagination=&raquo;off&raquo; admin_label=&raquo;Glider med full bredde&raquo; module_id=&raquo;design_slider&raquo; _builder_version=&raquo;4.16&#8243; custom_padding=&raquo;|||&raquo; custom_padding_tablet=&raquo;|||&raquo; custom_padding_phone=&raquo;|||&raquo; box_shadow_style=&raquo;preset6&#8243; box_shadow_blur=&raquo;10px&raquo; box_shadow_color=&raquo;rgba(0,0,0,0.1)&raquo; show_inner_shadow=&raquo;on&raquo; global_colors_info=&raquo;{}&raquo; button_text_size__hover_enabled=&raquo;off&raquo; button_one_text_size__hover_enabled=&raquo;off&raquo; button_two_text_size__hover_enabled=&raquo;off&raquo; button_text_color__hover_enabled=&raquo;off&raquo; button_one_text_color__hover_enabled=&raquo;off&raquo; button_two_text_color__hover_enabled=&raquo;off&raquo; button_border_width__hover_enabled=&raquo;off&raquo; button_one_border_width__hover_enabled=&raquo;off&raquo; button_two_border_width__hover_enabled=&raquo;off&raquo; button_border_color__hover_enabled=&raquo;off&raquo; button_one_border_color__hover_enabled=&raquo;off&raquo; button_two_border_color__hover_enabled=&raquo;off&raquo; button_border_radius__hover_enabled=&raquo;off&raquo; button_one_border_radius__hover_enabled=&raquo;off&raquo; button_two_border_radius__hover_enabled=&raquo;off&raquo; button_letter_spacing__hover_enabled=&raquo;off&raquo; button_one_letter_spacing__hover_enabled=&raquo;off&raquo; button_two_letter_spacing__hover_enabled=&raquo;off&raquo; button_bg_color__hover_enabled=&raquo;off&raquo; button_one_bg_color__hover_enabled=&raquo;off&raquo; button_two_bg_color__hover_enabled=&raquo;off&raquo;][et_pb_slide button_text=&raquo;Kontakt&raquo; _builder_version=&raquo;4.16&#8243; background_color=&raquo;#000000&#8243; background_image=&raquo;https:\/\/www.protolab.no\/no\/wp-content\/uploads\/2015\/03\/om_protolab.jpg&raquo; global_colors_info=&raquo;{}&raquo; sticky_transition=&raquo;on&raquo; button_text_size__hover_enabled=&raquo;off&raquo; button_one_text_size__hover_enabled=&raquo;off&raquo; button_two_text_size__hover_enabled=&raquo;off&raquo; button_text_color__hover_enabled=&raquo;off&raquo; button_one_text_color__hover_enabled=&raquo;off&raquo; button_two_text_color__hover_enabled=&raquo;off&raquo; button_border_width__hover_enabled=&raquo;off&raquo; button_one_border_width__hover_enabled=&raquo;off&raquo; button_two_border_width__hover_enabled=&raquo;off&raquo; button_border_color__hover_enabled=&raquo;off&raquo; button_one_border_color__hover_enabled=&raquo;off&raquo; button_two_border_color__hover_enabled=&raquo;off&raquo; button_border_radius__hover_enabled=&raquo;off&raquo; button_one_border_radius__hover_enabled=&raquo;off&raquo; button_two_border_radius__hover_enabled=&raquo;off&raquo; button_letter_spacing__hover_enabled=&raquo;off&raquo; button_one_letter_spacing__hover_enabled=&raquo;off&raquo; button_two_letter_spacing__hover_enabled=&raquo;off&raquo; button_bg_color__hover_enabled=&raquo;off&raquo; button_one_bg_color__hover_enabled=&raquo;off&raquo; button_two_bg_color__hover_enabled=&raquo;off&raquo;][\/et_pb_slide][\/et_pb_fullwidth_slider][\/et_pb_section][et_pb_section fb_built=&raquo;1&#8243; _builder_version=&raquo;4.16&#8243; global_colors_info=&raquo;{}&raquo;][et_pb_row _builder_version=&raquo;4.16&#8243; background_size=&raquo;initial&raquo; background_position=&raquo;top_left&raquo; background_repeat=&raquo;repeat&raquo; global_colors_info=&raquo;{}&raquo;][et_pb_column type=&raquo;4_4&#8243; _builder_version=&raquo;4.16&#8243; custom_padding=&raquo;|||&raquo; global_colors_info=&raquo;{}&raquo; custom_padding__hover=&raquo;|||&raquo;][et_pb_text admin_label=&raquo;Tekst&raquo; _builder_version=&raquo;4.23.1&#8243; background_size=&raquo;initial&raquo; background_position=&raquo;top_left&raquo; background_repeat=&raquo;repeat&raquo; hover_enabled=&raquo;0&#8243; global_colors_info=&raquo;{}&raquo; sticky_enabled=&raquo;0&#8243;]<\/p>\n<h2>Om Protolab<\/h2>\n<p>Protolab AS er et selskap innen <a href=\"https:\/\/www.framti.no\">Framti gruppen<\/a> som jobber med\u00a0produktutvikling innenfor mange ulike bransjer og kategorier.<\/p>\n<p>Protolab ble etablert i 2006 med erfaring og kunnskap fra Fem Design, VINN Design og Prototypelaboratoriet med historie tilbake til 1995.<\/p>\n<p>Vi er <strong>produktutviklingsspesialister<\/strong> og sv\u00e6rt konkurransedyktige i en krevende verden med h\u00f8ye &laquo;Time-to-Market&raquo; forventninger.<\/p>\n<p>Hovedkontoret v\u00e5rt er i Norge\u00a0(Trondheim), men vi har i tillegg\u00a0design og utviklingskapasitet i Scandinavia, UK, Ungarn, Kina og Taiwan. V\u00e5rt hovedfokus er \u00e5 v\u00e6re en produktutviklings- og produksjonspartner for skandinaviske selskaper med salg og distribusjon over hele verden.<\/p>\n<p>Med v\u00e5r lange erfaring innenfor gruppen v\u00e5r har vi bevist at vi er en p\u00e5litelig leverand\u00f8r som er i stand til \u00e5 levere i krevende prosjekter.<\/p>\n<p>[\/et_pb_text][\/et_pb_column][\/et_pb_row][\/et_pb_section]<\/p>\n","protected":false},"excerpt":{"rendered":"<p>Om Protolab Protolab AS er et selskap innen Framti gruppen som jobber med\u00a0produktutvikling innenfor mange ulike bransjer og kategorier. Protolab ble etablert i 2006 med erfaring og kunnskap fra Fem Design, VINN Design og Prototypelaboratoriet med historie tilbake til 1995. Vi er produktutviklingsspesialister og sv\u00e6rt konkurransedyktige i en krevende verden med h\u00f8ye &laquo;Time-to-Market&raquo; forventninger. Hovedkontoret [&hellip;]<\/p>\n","protected":false},"author":1,"featured_media":0,"parent":0,"menu_order":0,"comment_status":"open","ping_status":"open","template":"","meta":{"_et_pb_use_builder":"on","_et_pb_old_content":"","_et_gb_content_width":"","footnotes":""},"class_list":["post-81","page","type-page","status-publish","hentry"],"_links":{"self":[{"href":"https:\/\/www.protolab.no\/no\/wp-json\/wp\/v2\/pages\/81","targetHints":{"allow":["GET"]}}],"collection":[{"href":"https:\/\/www.protolab.no\/no\/wp-json\/wp\/v2\/pages"}],"about":[{"href":"https:\/\/www.protolab.no\/no\/wp-json\/wp\/v2\/types\/page"}],"author":[{"embeddable":true,"href":"https:\/\/www.protolab.no\/no\/wp-json\/wp\/v2\/users\/1"}],"replies":[{"embeddable":true,"href":"https:\/\/www.protolab.no\/no\/wp-json\/wp\/v2\/comments?post=81"}],"version-history":[{"count":11,"href":"https:\/\/www.protolab.no\/no\/wp-json\/wp\/v2\/pages\/81\/revisions"}],"predecessor-version":[{"id":568,"href":"https:\/\/www.protolab.no\/no\/wp-json\/wp\/v2\/pages\/81\/revisions\/568"}],"wp:attachment":[{"href":"https:\/\/www.protolab.no\/no\/wp-json\/wp\/v2\/media?parent=81"}],"curies":[{"name":"wp","href":"https:\/\/api.w.org\/{rel}","templated":true}]}}