{"id":89,"date":"2015-03-13T10:38:07","date_gmt":"2015-03-13T09:38:07","guid":{"rendered":"http:\/\/www.protolab.no\/no\/?page_id=89"},"modified":"2016-04-29T13:32:48","modified_gmt":"2016-04-29T11:32:48","slug":"radgiving","status":"publish","type":"page","link":"https:\/\/www.protolab.no\/no\/radgiving\/","title":{"rendered":"R\u00e5dgiving"},"content":{"rendered":"<p>[et_pb_section admin_label=&raquo;section&raquo; fullwidth=&raquo;on&raquo; specialty=&raquo;off&raquo;][et_pb_fullwidth_slider admin_label=&raquo;Glider med full bredde&raquo; show_arrows=&raquo;on&raquo; show_pagination=&raquo;on&raquo; auto=&raquo;off&raquo; parallax=&raquo;off&raquo; parallax_method=&raquo;off&raquo; module_id=&raquo;design_slider&raquo;] [et_pb_slide button_text=&raquo;Design&raquo; background_image=&raquo;http:\/\/www.protolab.no\/no\/wp-content\/uploads\/2015\/04\/Innovasjon.jpg&raquo; background_color=&raquo;#000000&#8243; alignment=&raquo;center&raquo; background_layout=&raquo;dark&raquo; allow_player_pause=&raquo;off&raquo; \/] [\/et_pb_fullwidth_slider][\/et_pb_section][et_pb_section admin_label=&raquo;section&raquo; fullwidth=&raquo;off&raquo; specialty=&raquo;off&raquo;][et_pb_row admin_label=&raquo;row&raquo;][et_pb_column type=&raquo;4_4&#8243;][et_pb_text admin_label=&raquo;R\u00e5dgiving hos Protolab&raquo; background_layout=&raquo;light&raquo; text_orientation=&raquo;left&raquo; use_border_color=&raquo;off&raquo; border_color=&raquo;#ffffff&raquo; border_style=&raquo;solid&raquo;]<\/p>\n<h2>R\u00e5dgiving hos Protolab<\/h2>\n<p>Om du \u00f8nsker \u00e5 starte opp et prosjekt, det v\u00e6re seg en id\u00e9 om et nytt produkt, endre et av dine eksisterende produkt eller &laquo;pusse opp&raquo; hele produktspekteret ditt kan vi hjelpe deg. Alt fra oppstart, design, prototyping til fullskala produksjon og logistikk. Vi s\u00f8ker alltid en felles forst\u00e5else av et prosjekt for \u00e5 sikre h\u00f8yest mulig ytelse og kvalitet.<\/p>\n<p>Vi har omfattende erfaring i forretnings- og produktutvikling. Med v\u00e5r ekspertise garanterer vi \u00e5 finne de\u00a0beste l\u00f8sningene\u00a0for \u00e5 bringe id\u00e9en din fra skisser og forretningsmodeller til produksjonssetting.<\/p>\n<p>Finansieringsplaner inng\u00e5r som en viktig del i all produktutvikling. Vi tilbyr kunnskap og erfaring med kost-\/effekt beregninger\u00a0som bidrar til \u00e5 sikre\u00a0de rette beslutninger gjennom hele prosessen. Dette gir\u00a0god kostnadskontroll i prosjektet. V\u00e5rt fleksible team med sv\u00e6rt erfarne designere og ingeni\u00f8rer gj\u00f8r oss godt tilpasset for \u00e5 f\u00f8lge opp prosjektet ditt fra start til m\u00e5l.<\/p>\n<p>V\u00e5r erfaring gjennom mange ulike og omfattende produktutviklingsprosjekter gir deg god risiko-, kvalitets- og kostnadskontroll gjennom hele utviklingsl\u00f8pet.<\/p>\n<p>[\/et_pb_text][\/et_pb_column][\/et_pb_row][\/et_pb_section][et_pb_section admin_label=&raquo;section&raquo; fullwidth=&raquo;off&raquo; specialty=&raquo;off&raquo; transparent_background=&raquo;off&raquo; background_color=&raquo;#000000&#8243; allow_player_pause=&raquo;off&raquo; inner_shadow=&raquo;off&raquo; parallax=&raquo;off&raquo; parallax_method=&raquo;off&raquo;][et_pb_row admin_label=&raquo;row&raquo;][et_pb_column type=&raquo;4_4&#8243;][et_pb_text admin_label=&raquo;Tekst&raquo; background_layout=&raquo;dark&raquo; text_orientation=&raquo;left&raquo;]<\/p>\n<h2>Vi tilbyr r\u00e5dgivningstjenester innen f\u00f8lgende omr\u00e5der:<\/h2>\n<p>[\/et_pb_text][\/et_pb_column][\/et_pb_row][et_pb_row admin_label=&raquo;row&raquo;][et_pb_column type=&raquo;1_4&#8243;][et_pb_blurb admin_label=&raquo;Prosjektledelse&raquo; title=&raquo;Prosjektledelse&raquo; url_new_window=&raquo;off&raquo; use_icon=&raquo;on&raquo; font_icon=&raquo;N&raquo; icon_color=&raquo;#81d742&#8243; use_circle=&raquo;off&raquo; circle_color=&raquo;#af0a23&#8243; use_circle_border=&raquo;off&raquo; circle_border_color=&raquo;#af0a23&#8243; icon_placement=&raquo;left&raquo; animation=&raquo;off&raquo; background_layout=&raquo;dark&raquo; text_orientation=&raquo;left&raquo;]<\/p>\n<ul>\n<li>Organisere prosjektets omfang<\/li>\n<li>Utvikle arbeidspakker<\/li>\n<li>Gantt milepelsplan<\/li>\n<li>F\u00f8lge opp fremdriften i prosjektet<\/li>\n<\/ul>\n<p>[\/et_pb_blurb][\/et_pb_column][et_pb_column type=&raquo;1_4&#8243;][et_pb_blurb admin_label=&raquo;R&amp;D&raquo; title=&raquo;R&amp;D prosesser&raquo; url_new_window=&raquo;off&raquo; use_icon=&raquo;on&raquo; font_icon=&raquo;N&raquo; icon_color=&raquo;#81d742&#8243; use_circle=&raquo;off&raquo; circle_color=&raquo;#af0a23&#8243; use_circle_border=&raquo;off&raquo; circle_border_color=&raquo;#af0a23&#8243; icon_placement=&raquo;left&raquo; animation=&raquo;off&raquo; background_layout=&raquo;dark&raquo; text_orientation=&raquo;left&raquo;]<\/p>\n<p>Plannlegging og implementering av R&amp;D prosesser.<\/p>\n<p>[\/et_pb_blurb][\/et_pb_column][et_pb_column type=&raquo;1_4&#8243;][et_pb_blurb admin_label=&raquo;Detaljeprosjektering&raquo; title=&raquo;Detaljeprosjektering&raquo; url_new_window=&raquo;off&raquo; use_icon=&raquo;on&raquo; font_icon=&raquo;N&raquo; icon_color=&raquo;#81d742&#8243; use_circle=&raquo;off&raquo; circle_color=&raquo;#af0a23&#8243; use_circle_border=&raquo;off&raquo; circle_border_color=&raquo;#af0a23&#8243; icon_placement=&raquo;left&raquo; animation=&raquo;off&raquo; background_layout=&raquo;dark&raquo; text_orientation=&raquo;left&raquo;]<\/p>\n<ul>\n<li>All n\u00f8dvendig design og konstruksjon<\/li>\n<li>All design i Solid Works CAD<\/li>\n<li>H\u00e5ndtering av underleverand\u00f8rer<\/li>\n<li>FEM-analyser<\/li>\n<\/ul>\n<p>[\/et_pb_blurb][\/et_pb_column][et_pb_column type=&raquo;1_4&#8243;][et_pb_blurb admin_label=&raquo;Utviklingsmetoder&raquo; title=&raquo;Utviklingsmetoder&raquo; url_new_window=&raquo;off&raquo; use_icon=&raquo;on&raquo; font_icon=&raquo;N&raquo; icon_color=&raquo;#81d742&#8243; use_circle=&raquo;off&raquo; circle_color=&raquo;#af0a23&#8243; use_circle_border=&raquo;off&raquo; circle_border_color=&raquo;#af0a23&#8243; icon_placement=&raquo;left&raquo; animation=&raquo;off&raquo; background_layout=&raquo;dark&raquo; text_orientation=&raquo;left&raquo;]<\/p>\n<p>Valg av ulike metoder tilpasset ulike\u00a0steg i\u00a0utviklingsprosessen.<\/p>\n<p>[\/et_pb_blurb][\/et_pb_column][\/et_pb_row][et_pb_row admin_label=&raquo;row&raquo;][et_pb_column type=&raquo;1_4&#8243;][et_pb_blurb admin_label=&raquo;Spesifikasjoner&raquo; title=&raquo;Spesifikasjoner&raquo; url_new_window=&raquo;off&raquo; use_icon=&raquo;on&raquo; font_icon=&raquo;N&raquo; icon_color=&raquo;#81d742&#8243; use_circle=&raquo;off&raquo; circle_color=&raquo;#af0a23&#8243; use_circle_border=&raquo;off&raquo; circle_border_color=&raquo;#af0a23&#8243; icon_placement=&raquo;left&raquo; animation=&raquo;off&raquo; background_layout=&raquo;dark&raquo; text_orientation=&raquo;left&raquo;]<\/p>\n<p>Utviklingsspesifikasjoner, design, prosjektering og produksjonsoppsett.<\/p>\n<p>[\/et_pb_blurb][\/et_pb_column][et_pb_column type=&raquo;1_4&#8243;][et_pb_blurb admin_label=&raquo;Standarder&raquo; title=&raquo;Standarder&raquo; url_new_window=&raquo;off&raquo; use_icon=&raquo;on&raquo; font_icon=&raquo;N&raquo; icon_color=&raquo;#81d742&#8243; use_circle=&raquo;off&raquo; circle_color=&raquo;#af0a23&#8243; use_circle_border=&raquo;off&raquo; circle_border_color=&raquo;#af0a23&#8243; icon_placement=&raquo;left&raquo; animation=&raquo;off&raquo; background_layout=&raquo;dark&raquo; text_orientation=&raquo;left&raquo;]<\/p>\n<p>Fastsette standarder, QA\/QC og sertifiseringer for produkt(ene).<\/p>\n<p>[\/et_pb_blurb][\/et_pb_column][et_pb_column type=&raquo;1_4&#8243;][et_pb_blurb admin_label=&raquo;Sertifiseringer&raquo; title=&raquo;Sertifiseringer&raquo; url_new_window=&raquo;off&raquo; use_icon=&raquo;on&raquo; font_icon=&raquo;N&raquo; icon_color=&raquo;#81d742&#8243; use_circle=&raquo;off&raquo; circle_color=&raquo;#af0a23&#8243; use_circle_border=&raquo;off&raquo; circle_border_color=&raquo;#af0a23&#8243; icon_placement=&raquo;left&raquo; animation=&raquo;off&raquo; background_layout=&raquo;dark&raquo; text_orientation=&raquo;left&raquo;] <img loading=\"lazy\" decoding=\"async\" class=\"alignnone size-full wp-image-45\" src=\"http:\/\/www.protolab.no\/no\/wp-content\/uploads\/2015\/03\/FC.png\" alt=\"FC\" width=\"22\" height=\"18\" \/> <img loading=\"lazy\" decoding=\"async\" class=\"alignnone size-full wp-image-46\" src=\"http:\/\/www.protolab.no\/no\/wp-content\/uploads\/2015\/03\/FDA.png\" alt=\"FDA\" width=\"44\" height=\"18\" \/> <img loading=\"lazy\" decoding=\"async\" class=\"alignnone size-full wp-image-42\" src=\"http:\/\/www.protolab.no\/no\/wp-content\/uploads\/2015\/03\/CE.png\" alt=\"CE\" width=\"25\" height=\"18\" \/> <img loading=\"lazy\" decoding=\"async\" class=\"alignnone size-medium wp-image-49\" src=\"http:\/\/www.protolab.no\/no\/wp-content\/uploads\/2015\/03\/RoHS-300x77.png\" alt=\"RoHS\" width=\"70\" height=\"18\" srcset=\"https:\/\/www.protolab.no\/no\/wp-content\/uploads\/2015\/03\/RoHS-300x77.png 300w, https:\/\/www.protolab.no\/no\/wp-content\/uploads\/2015\/03\/RoHS.png 388w\" sizes=\"(max-width: 70px) 100vw, 70px\" \/> <img loading=\"lazy\" decoding=\"async\" class=\"alignnone size-medium wp-image-43\" src=\"http:\/\/www.protolab.no\/no\/wp-content\/uploads\/2015\/03\/DNVgl-300x80.png\" alt=\"DNVgl\" width=\"68\" height=\"18\" srcset=\"https:\/\/www.protolab.no\/no\/wp-content\/uploads\/2015\/03\/DNVgl-300x80.png 300w, https:\/\/www.protolab.no\/no\/wp-content\/uploads\/2015\/03\/DNVgl.png 375w\" sizes=\"(max-width: 68px) 100vw, 68px\" \/> <img loading=\"lazy\" decoding=\"async\" class=\"alignnone size-medium wp-image-47\" src=\"http:\/\/www.protolab.no\/no\/wp-content\/uploads\/2015\/03\/Lloyds-300x155.png\" alt=\"Lloyds\" width=\"35\" height=\"18\" srcset=\"https:\/\/www.protolab.no\/no\/wp-content\/uploads\/2015\/03\/Lloyds-300x155.png 300w, https:\/\/www.protolab.no\/no\/wp-content\/uploads\/2015\/03\/Lloyds.png 840w\" sizes=\"(max-width: 35px) 100vw, 35px\" \/> <img loading=\"lazy\" decoding=\"async\" class=\"alignnone size-full wp-image-50\" src=\"http:\/\/www.protolab.no\/no\/wp-content\/uploads\/2015\/03\/T\u00dbV.png\" alt=\"T\u00dbV\" width=\"17\" height=\"18\" \/> <img loading=\"lazy\" decoding=\"async\" class=\"alignnone size-full wp-image-44\" src=\"http:\/\/www.protolab.no\/no\/wp-content\/uploads\/2015\/03\/EX.png\" alt=\"EX\" width=\"21\" height=\"18\" \/> <img loading=\"lazy\" decoding=\"async\" class=\"alignnone size-full wp-image-48\" src=\"http:\/\/www.protolab.no\/no\/wp-content\/uploads\/2015\/03\/Nemko.png\" alt=\"Nemko\" width=\"41\" height=\"18\" \/> [\/et_pb_blurb][\/et_pb_column][et_pb_column type=&raquo;1_4&#8243;][et_pb_blurb admin_label=&raquo;Kvalitets-, Kostnads- og Risikokontroll&raquo; title=&raquo;Kvalitets-, Kostnads- og Risikokontroll&raquo; url_new_window=&raquo;off&raquo; use_icon=&raquo;on&raquo; font_icon=&raquo;N&raquo; icon_color=&raquo;#81d742&#8243; use_circle=&raquo;off&raquo; circle_color=&raquo;#af0a23&#8243; use_circle_border=&raquo;off&raquo; circle_border_color=&raquo;#af0a23&#8243; icon_placement=&raquo;left&raquo; animation=&raquo;off&raquo; background_layout=&raquo;dark&raquo; text_orientation=&raquo;left&raquo;]<\/p>\n<ul>\n<li>QA\/QC ihht. kunde- og myndighetskrav<\/li>\n<li>Risikoanalyse basert p\u00e5 tilgjengelige opplysninger og sammenlignbare konsepter<\/li>\n<li>Kostnadskontroll gjennom alle faser i prosjektet<\/li>\n<\/ul>\n<p>[\/et_pb_blurb][\/et_pb_column][\/et_pb_row][\/et_pb_section]<\/p>\n","protected":false},"excerpt":{"rendered":"<p>R\u00e5dgiving hos Protolab Om du \u00f8nsker \u00e5 starte opp et prosjekt, det v\u00e6re seg en id\u00e9 om et nytt produkt, endre et av dine eksisterende produkt eller &laquo;pusse opp&raquo; hele produktspekteret ditt kan vi hjelpe deg. Alt fra oppstart, design, prototyping til fullskala produksjon og logistikk. Vi s\u00f8ker alltid en felles forst\u00e5else av et prosjekt [&hellip;]<\/p>\n","protected":false},"author":1,"featured_media":0,"parent":0,"menu_order":0,"comment_status":"open","ping_status":"open","template":"","meta":{"_et_pb_use_builder":"on","_et_pb_old_content":"","_et_gb_content_width":"","footnotes":""},"class_list":["post-89","page","type-page","status-publish","hentry"],"_links":{"self":[{"href":"https:\/\/www.protolab.no\/no\/wp-json\/wp\/v2\/pages\/89","targetHints":{"allow":["GET"]}}],"collection":[{"href":"https:\/\/www.protolab.no\/no\/wp-json\/wp\/v2\/pages"}],"about":[{"href":"https:\/\/www.protolab.no\/no\/wp-json\/wp\/v2\/types\/page"}],"author":[{"embeddable":true,"href":"https:\/\/www.protolab.no\/no\/wp-json\/wp\/v2\/users\/1"}],"replies":[{"embeddable":true,"href":"https:\/\/www.protolab.no\/no\/wp-json\/wp\/v2\/comments?post=89"}],"version-history":[{"count":23,"href":"https:\/\/www.protolab.no\/no\/wp-json\/wp\/v2\/pages\/89\/revisions"}],"predecessor-version":[{"id":476,"href":"https:\/\/www.protolab.no\/no\/wp-json\/wp\/v2\/pages\/89\/revisions\/476"}],"wp:attachment":[{"href":"https:\/\/www.protolab.no\/no\/wp-json\/wp\/v2\/media?parent=89"}],"curies":[{"name":"wp","href":"https:\/\/api.w.org\/{rel}","templated":true}]}}